{"id":1122,"date":"2017-02-20T10:11:16","date_gmt":"2017-02-20T09:11:16","guid":{"rendered":"https:\/\/demo.themegrill.com\/flash\/?page_id=253"},"modified":"2024-08-02T10:10:22","modified_gmt":"2024-08-02T08:10:22","slug":"homepage","status":"publish","type":"page","link":"https:\/\/npdu.it\/","title":{"rendered":"Home"},"content":{"rendered":"<div id=\"pl-1122\"  class=\"panel-layout\" ><div id=\"pg-1122-0\"  class=\"panel-grid panel-no-style\" ><div id=\"pgc-1122-0-0\"  class=\"panel-grid-cell\" ><div id=\"panel-1122-0-0-0\" class=\"so-panel widget widget_themegrill_flash_image tg-widget tg-image-widget panel-first-child\" data-index=\"0\" >\t<img decoding=\"async\" src=\"https:\/\/npdu.it\/wp-content\/uploads\/2023\/10\/pexels-fauxels-3183150-scaled.jpg\" \/>\n<\/div><div id=\"panel-1122-0-0-1\" class=\"so-panel widget widget_themegrill_flash_heading tg-widget section-title-wrapper\" data-index=\"1\" >\t<h3 class=\"section-title\">Start-up innovativa<\/h3>\n<\/div><div id=\"panel-1122-0-0-2\" class=\"so-panel widget widget_themegrill_flash_service tg-widget tg-single-service\" data-index=\"2\" >\n<div class=\"tg-service-widget tg-service-layout-1\">\n\t<div class=\"service-wrapper\">\n\t\t<div class=\"service-icon-title-wrapper clearfix\">\n\t\t\t\t\t\t\t\t\t\t\t<\/div>\n\t\t\t\t<div class=\"service-content-wrap\">New Projects for Data Usage s.r.l. \u00e8 una Start-up Innovativa che si occupa di ricerca, sviluppo e commercializzazione di prodotti e servizi innovativi ad alto valore tecnologico, in Italia e all'estero<\/div>\n\t\t\t\t\t<\/div>\n<\/div>\n<\/div><div id=\"panel-1122-0-0-3\" class=\"so-panel widget widget_themegrill_flash_heading tg-widget section-title-wrapper panel-last-child\" data-index=\"3\" >\t<h3 class=\"section-title\">Attivit\u00e0<\/h3>\n<\/div><\/div><\/div><div id=\"pg-1122-1\"  class=\"panel-grid panel-no-style\" ><div id=\"pgc-1122-1-0\"  class=\"panel-grid-cell\" ><div id=\"panel-1122-1-0-0\" class=\"so-panel widget widget_themegrill_flash_service tg-widget tg-single-service panel-first-child panel-last-child\" data-index=\"4\" >\n<div class=\"tg-service-widget tg-service-layout-2\">\n\t<div class=\"service-wrapper\">\n\t\t<div class=\"service-icon-title-wrapper clearfix\">\n\t\t\t\t\t\t<div class=\"service-icon-wrap\"><i class=\"fa fa-bar-chart\"><\/i><\/div>\n\t\t\t\t\t\t\t\t\t\t\t\t<h3 class=\"service-title-wrap\">\n\t\t\t\t\t\t\t\t<a href=\"https:\/\/npdu.it\/?page_id=6\">\n\t\t\t\tServizi per la connettivit\u00e0\t\t\t\t\t\t\t\t<\/a>\n\t\t\t\t\t\t\t<\/h3>\n\t\t\t\t\t<\/div>\n\t\t\t\t<div class=\"service-content-wrap\">Fornitura di prodotti e servizi a supporto della connettivit\u00e0 alla rete. Installazione e configurazione di infrastrutture e ponti radio, per permettere all\u2019utenza di accedere  alla rete in modo pratico ed efficiente.Oggi giorno , la capacit\u00e0 di scambiare una grande quantit\u00e0 di dati in rete in tempo reale \u00e8 basilare per ogni tipo di attivit\u00e0 e realt\u00e0<\/div>\n\t\t\t\t\t\t<a class=\"service-more\" href=\"https:\/\/npdu.it\/?page_id=6\">Per saperne di pi\u00f9<\/a>\n\t\t\t<\/div>\n<\/div>\n<\/div><\/div><div id=\"pgc-1122-1-1\"  class=\"panel-grid-cell\" ><div id=\"panel-1122-1-1-0\" class=\"so-panel widget widget_themegrill_flash_service tg-widget tg-single-service panel-first-child panel-last-child\" data-index=\"5\" >\n<div class=\"tg-service-widget tg-service-layout-2\">\n\t<div class=\"service-wrapper\">\n\t\t<div class=\"service-icon-title-wrapper clearfix\">\n\t\t\t\t\t\t<div class=\"service-icon-wrap\"><i class=\"fa fa-code\"><\/i><\/div>\n\t\t\t\t\t\t\t\t\t\t\t\t<h3 class=\"service-title-wrap\">\n\t\t\t\t\t\t\t\t<a href=\"https:\/\/npdu.it\/?page_id=11\">\n\t\t\t\tMonitoraggio e telemetria\t\t\t\t\t\t\t\t<\/a>\n\t\t\t\t\t\t\t<\/h3>\n\t\t\t\t\t<\/div>\n\t\t\t\t<div class=\"service-content-wrap\">Ideazione, sviluppo e manutenzione di soluzioni IoT di monitoraggio e telemetria, per efficientamento dell'utilizzo delle risorse energetiche, controlli automatici, gestione assistita da remoto, La telemetria \u00e8 una tecnologia informatica che permette la misurazione e la trascrizione di Informazioni di interesse.<\/div>\n\t\t\t\t\t\t<a class=\"service-more\" href=\"https:\/\/npdu.it\/?page_id=11\">Per saperne di pi\u00f9<\/a>\n\t\t\t<\/div>\n<\/div>\n<\/div><\/div><div id=\"pgc-1122-1-2\"  class=\"panel-grid-cell\" ><div id=\"panel-1122-1-2-0\" class=\"so-panel widget widget_themegrill_flash_service tg-widget tg-single-service panel-first-child panel-last-child\" data-index=\"6\" >\n<div class=\"tg-service-widget tg-service-layout-2\">\n\t<div class=\"service-wrapper\">\n\t\t<div class=\"service-icon-title-wrapper clearfix\">\n\t\t\t\t\t\t<div class=\"service-icon-wrap\"><i class=\"fa fa-sellsy\"><\/i><\/div>\n\t\t\t\t\t\t\t\t\t\t\t\t<h3 class=\"service-title-wrap\">\n\t\t\t\t\t\t\t\t<a href=\"https:\/\/npdu.it\/?page_id=39\">\n\t\t\t\tDigital Twins\t\t\t\t\t\t\t\t<\/a>\n\t\t\t\t\t\t\t<\/h3>\n\t\t\t\t\t<\/div>\n\t\t\t\t<div class=\"service-content-wrap\">Sviluppo e fornitura di prodotti, attivit\u00e0 e servizi legati ai Digital Twin, con rappresentazione in realt\u00e0 virtuale, aumentata e miscelata. Servizi di modellazione, digitalizzazione, rendering, animazione e Virtual Media interattivi. I gemelli digitali offrono agli utenti molti vantaggi e applicazioni in molteplici settori dell'industria<\/div>\n\t\t\t\t\t\t<a class=\"service-more\" href=\"https:\/\/npdu.it\/?page_id=39\">Per saperne di pi\u00f9<\/a>\n\t\t\t<\/div>\n<\/div>\n<\/div><\/div><div id=\"pgc-1122-1-3\"  class=\"panel-grid-cell\" ><div id=\"panel-1122-1-3-0\" class=\"so-panel widget widget_themegrill_flash_service tg-widget tg-single-service panel-first-child panel-last-child\" data-index=\"7\" >\n<div class=\"tg-service-widget tg-service-layout-2\">\n\t<div class=\"service-wrapper\">\n\t\t<div class=\"service-icon-title-wrapper clearfix\">\n\t\t\t\t\t\t<div class=\"service-icon-wrap\"><i class=\"fa fa-reddit-alien\"><\/i><\/div>\n\t\t\t\t\t\t\t\t\t\t\t\t<h3 class=\"service-title-wrap\">\n\t\t\t\t\t\t\t\t<a href=\"https:\/\/npdu.it\/?page_id=209\">\n\t\t\t\tAssistenti Virtuali\t\t\t\t\t\t\t\t<\/a>\n\t\t\t\t\t\t\t<\/h3>\n\t\t\t\t\t<\/div>\n\t\t\t\t<div class=\"service-content-wrap\">Sviluppo e fornitura di prodotti e soluzioni nel campo degli assistenti virtuali e dei cataloghi virtuali, integrati con funzionalit\u00e0 di navigazione e interazione in ambienti fisici e virtuali. Gli utenti possono controllare i dispositivi domotici,  gestire l'email, le liste e i calendari con comandi vocali ecc<\/div>\n\t\t\t\t\t\t<a class=\"service-more\" href=\"https:\/\/npdu.it\/?page_id=209\">Per saperne di pi\u00f9<\/a>\n\t\t\t<\/div>\n<\/div>\n<\/div><\/div><div id=\"pgc-1122-1-4\"  class=\"panel-grid-cell\" ><div id=\"panel-1122-1-4-0\" class=\"so-panel widget widget_themegrill_flash_service tg-widget tg-single-service panel-first-child panel-last-child\" data-index=\"8\" >\n<div class=\"tg-service-widget tg-service-layout-2\">\n\t<div class=\"service-wrapper\">\n\t\t<div class=\"service-icon-title-wrapper clearfix\">\n\t\t\t\t\t\t<div class=\"service-icon-wrap\"><i class=\"fa fa-gears\"><\/i><\/div>\n\t\t\t\t\t\t\t\t\t\t\t\t<h3 class=\"service-title-wrap\">\n\t\t\t\t\t\t\t\t<a href=\"https:\/\/npdu.it\/?page_id=1116\">\n\t\t\t\tImpianti di Domotica\t\t\t\t\t\t\t\t<\/a>\n\t\t\t\t\t\t\t<\/h3>\n\t\t\t\t\t<\/div>\n\t\t\t\t<div class=\"service-content-wrap\">Installazione e manutenzione impianti infrastrutturali di Domotica e Videosorveglianza. Impianti e manutenzioni meccaniche di tipo avanzato. La domotica si occupa dell'applicazione delle tecnologie volte a ottimizzare la qualit\u00e0 della vita nelle nostre case<\/div>\n\t\t\t\t\t\t<a class=\"service-more\" href=\"https:\/\/npdu.it\/?page_id=1116\">Per saperne di pi\u00f9<\/a>\n\t\t\t<\/div>\n<\/div>\n<\/div><\/div><\/div><\/div>","protected":false},"excerpt":{"rendered":"<p>Start-up innovativa New Projects for Data Usage s.r.l. \u00e8 una Start-up Innovativa che si occupa di ricerca, sviluppo e commercializzazione [&hellip;]<\/p>\n","protected":false},"author":3,"featured_media":0,"parent":0,"menu_order":0,"comment_status":"closed","ping_status":"closed","template":"page-templates\/pagebuilder.php","meta":{"footnotes":""},"class_list":["post-1122","page","type-page","status-publish","hentry"],"yoast_head":"<!-- This site is optimized with the Yoast SEO plugin v23.0 - https:\/\/yoast.com\/wordpress\/plugins\/seo\/ -->\n<title>Home - New Projects for Data Usage s.r.l.<\/title>\n<meta name=\"robots\" content=\"index, follow, max-snippet:-1, max-image-preview:large, max-video-preview:-1\" \/>\n<link rel=\"canonical\" href=\"https:\/\/npdu.it\/\" \/>\n<meta property=\"og:locale\" content=\"it_IT\" \/>\n<meta property=\"og:type\" content=\"article\" \/>\n<meta property=\"og:title\" content=\"Home - New Projects for Data Usage s.r.l.\" \/>\n<meta property=\"og:description\" content=\"Start-up innovativa New Projects for Data Usage s.r.l. \u00e8 una Start-up Innovativa che si occupa di ricerca, sviluppo e commercializzazione [&hellip;]\" \/>\n<meta property=\"og:url\" content=\"https:\/\/npdu.it\/\" \/>\n<meta property=\"og:site_name\" content=\"New Projects for Data Usage s.r.l.\" \/>\n<meta property=\"article:modified_time\" content=\"2024-08-02T08:10:22+00:00\" \/>\n<meta name=\"twitter:card\" content=\"summary_large_image\" \/>\n<meta name=\"twitter:label1\" content=\"Tempo di lettura stimato\" \/>\n\t<meta name=\"twitter:data1\" content=\"2 minuti\" \/>\n<script type=\"application\/ld+json\" class=\"yoast-schema-graph\">{\"@context\":\"https:\/\/schema.org\",\"@graph\":[{\"@type\":\"WebPage\",\"@id\":\"https:\/\/npdu.it\/\",\"url\":\"https:\/\/npdu.it\/\",\"name\":\"Home - New Projects for Data Usage s.r.l.\",\"isPartOf\":{\"@id\":\"https:\/\/npdu.it\/#website\"},\"datePublished\":\"2017-02-20T09:11:16+00:00\",\"dateModified\":\"2024-08-02T08:10:22+00:00\",\"breadcrumb\":{\"@id\":\"https:\/\/npdu.it\/#breadcrumb\"},\"inLanguage\":\"it-IT\",\"potentialAction\":[{\"@type\":\"ReadAction\",\"target\":[\"https:\/\/npdu.it\/\"]}]},{\"@type\":\"BreadcrumbList\",\"@id\":\"https:\/\/npdu.it\/#breadcrumb\",\"itemListElement\":[{\"@type\":\"ListItem\",\"position\":1,\"name\":\"Home\",\"item\":\"https:\/\/npdu.it\/\"},{\"@type\":\"ListItem\",\"position\":2,\"name\":\"Home\"}]},{\"@type\":\"WebSite\",\"@id\":\"https:\/\/npdu.it\/#website\",\"url\":\"https:\/\/npdu.it\/\",\"name\":\"New Projects for Data Usage s.r.l.\",\"description\":\"\",\"publisher\":{\"@id\":\"https:\/\/npdu.it\/#organization\"},\"potentialAction\":[{\"@type\":\"SearchAction\",\"target\":{\"@type\":\"EntryPoint\",\"urlTemplate\":\"https:\/\/npdu.it\/?s={search_term_string}\"},\"query-input\":\"required name=search_term_string\"}],\"inLanguage\":\"it-IT\"},{\"@type\":\"Organization\",\"@id\":\"https:\/\/npdu.it\/#organization\",\"name\":\"New Projects for Data Usage s.r.l.\",\"url\":\"https:\/\/npdu.it\/\",\"logo\":{\"@type\":\"ImageObject\",\"inLanguage\":\"it-IT\",\"@id\":\"https:\/\/npdu.it\/#\/schema\/logo\/image\/\",\"url\":\"https:\/\/npdu.it\/wp-content\/uploads\/2021\/09\/cropped-logo_npdu_piccolo-1-e1632993580563-1.gif\",\"contentUrl\":\"https:\/\/npdu.it\/wp-content\/uploads\/2021\/09\/cropped-logo_npdu_piccolo-1-e1632993580563-1.gif\",\"width\":95,\"height\":95,\"caption\":\"New Projects for Data Usage s.r.l.\"},\"image\":{\"@id\":\"https:\/\/npdu.it\/#\/schema\/logo\/image\/\"}}]}<\/script>\n<!-- \/ Yoast SEO plugin. -->","yoast_head_json":{"title":"Home - New Projects for Data Usage s.r.l.","robots":{"index":"index","follow":"follow","max-snippet":"max-snippet:-1","max-image-preview":"max-image-preview:large","max-video-preview":"max-video-preview:-1"},"canonical":"https:\/\/npdu.it\/","og_locale":"it_IT","og_type":"article","og_title":"Home - New Projects for Data Usage s.r.l.","og_description":"Start-up innovativa New Projects for Data Usage s.r.l. \u00e8 una Start-up Innovativa che si occupa di ricerca, sviluppo e commercializzazione [&hellip;]","og_url":"https:\/\/npdu.it\/","og_site_name":"New Projects for Data Usage s.r.l.","article_modified_time":"2024-08-02T08:10:22+00:00","twitter_card":"summary_large_image","twitter_misc":{"Tempo di lettura stimato":"2 minuti"},"schema":{"@context":"https:\/\/schema.org","@graph":[{"@type":"WebPage","@id":"https:\/\/npdu.it\/","url":"https:\/\/npdu.it\/","name":"Home - New Projects for Data Usage s.r.l.","isPartOf":{"@id":"https:\/\/npdu.it\/#website"},"datePublished":"2017-02-20T09:11:16+00:00","dateModified":"2024-08-02T08:10:22+00:00","breadcrumb":{"@id":"https:\/\/npdu.it\/#breadcrumb"},"inLanguage":"it-IT","potentialAction":[{"@type":"ReadAction","target":["https:\/\/npdu.it\/"]}]},{"@type":"BreadcrumbList","@id":"https:\/\/npdu.it\/#breadcrumb","itemListElement":[{"@type":"ListItem","position":1,"name":"Home","item":"https:\/\/npdu.it\/"},{"@type":"ListItem","position":2,"name":"Home"}]},{"@type":"WebSite","@id":"https:\/\/npdu.it\/#website","url":"https:\/\/npdu.it\/","name":"New Projects for Data Usage s.r.l.","description":"","publisher":{"@id":"https:\/\/npdu.it\/#organization"},"potentialAction":[{"@type":"SearchAction","target":{"@type":"EntryPoint","urlTemplate":"https:\/\/npdu.it\/?s={search_term_string}"},"query-input":"required name=search_term_string"}],"inLanguage":"it-IT"},{"@type":"Organization","@id":"https:\/\/npdu.it\/#organization","name":"New Projects for Data Usage s.r.l.","url":"https:\/\/npdu.it\/","logo":{"@type":"ImageObject","inLanguage":"it-IT","@id":"https:\/\/npdu.it\/#\/schema\/logo\/image\/","url":"https:\/\/npdu.it\/wp-content\/uploads\/2021\/09\/cropped-logo_npdu_piccolo-1-e1632993580563-1.gif","contentUrl":"https:\/\/npdu.it\/wp-content\/uploads\/2021\/09\/cropped-logo_npdu_piccolo-1-e1632993580563-1.gif","width":95,"height":95,"caption":"New Projects for Data Usage s.r.l."},"image":{"@id":"https:\/\/npdu.it\/#\/schema\/logo\/image\/"}}]}},"_links":{"self":[{"href":"https:\/\/npdu.it\/index.php?rest_route=\/wp\/v2\/pages\/1122","targetHints":{"allow":["GET"]}}],"collection":[{"href":"https:\/\/npdu.it\/index.php?rest_route=\/wp\/v2\/pages"}],"about":[{"href":"https:\/\/npdu.it\/index.php?rest_route=\/wp\/v2\/types\/page"}],"author":[{"embeddable":true,"href":"https:\/\/npdu.it\/index.php?rest_route=\/wp\/v2\/users\/3"}],"replies":[{"embeddable":true,"href":"https:\/\/npdu.it\/index.php?rest_route=%2Fwp%2Fv2%2Fcomments&post=1122"}],"version-history":[{"count":108,"href":"https:\/\/npdu.it\/index.php?rest_route=\/wp\/v2\/pages\/1122\/revisions"}],"predecessor-version":[{"id":2147,"href":"https:\/\/npdu.it\/index.php?rest_route=\/wp\/v2\/pages\/1122\/revisions\/2147"}],"wp:attachment":[{"href":"https:\/\/npdu.it\/index.php?rest_route=%2Fwp%2Fv2%2Fmedia&parent=1122"}],"curies":[{"name":"wp","href":"https:\/\/api.w.org\/{rel}","templated":true}]}}